{"id":8,"date":"2020-01-18T22:12:07","date_gmt":"2020-01-18T22:12:07","guid":{"rendered":"https:\/\/sursum.corda.netlib.re\/?page_id=8"},"modified":"2020-12-31T14:33:33","modified_gmt":"2020-12-31T14:33:33","slug":"contact","status":"publish","type":"page","link":"https:\/\/www.sursum-corda.be\/?page_id=8","title":{"rendered":"Le Groupe"},"content":{"rendered":"\n<p>Voil\u00e0, avec ce site, vous en savez un peu plus sur nous. Mais il vous reste encore bien plus \u00e0 d\u00e9couvrir\u2026<\/p>\n\n\n\n<p>Nous vous demandons tout simplement de venir nous voir ou de nous contacter.<br>\nNous vous pr\u00e9senterons tous nos press-books o\u00f9 vous pourrez voir la \nmagie de ce que nous avan\u00e7ons. Nous osons croire que vous ne serez pas \nd\u00e9\u00e7us.<\/p>\n\n\n\n<p>Nous esp\u00e9rons que vous ferez appel \u00e0 nous lors de manifestations que  vous organiserez et restons enti\u00e8rement \u00e0 votre disposition pour tous  contacts ou renseignements compl\u00e9mentaires. Vous pouvez nous joindre  soit par courrier postal, e-mail, gsm ou t\u00e9l\u00e9phone.<\/p>\n\n\n\n<p style=\"font-size:26px\">Membres :<\/p>\n\n\n\n<div class=\"wp-block-image\"><figure class=\"alignleft size-large\"><img loading=\"lazy\" decoding=\"async\" width=\"300\" height=\"330\" src=\"https:\/\/sursum.corda.netlib.re\/wp-content\/uploads\/2020\/01\/rene.jpg\" alt=\"\" class=\"wp-image-111\" srcset=\"https:\/\/www.sursum-corda.be\/wp-content\/uploads\/2020\/01\/rene.jpg 300w, https:\/\/www.sursum-corda.be\/wp-content\/uploads\/2020\/01\/rene-273x300.jpg 273w\" sizes=\"auto, (max-width: 300px) 100vw, 300px\" \/><\/figure><\/div>\n\n\n\n<div class=\"wp-block-image is-style-default\"><figure class=\"alignleft size-medium\"><img loading=\"lazy\" decoding=\"async\" width=\"222\" height=\"300\" src=\"https:\/\/www.sursum-corda.be\/wp-content\/uploads\/2020\/12\/doudou-1-222x300.jpg\" alt=\"\" class=\"wp-image-185\" srcset=\"https:\/\/www.sursum-corda.be\/wp-content\/uploads\/2020\/12\/doudou-1-222x300.jpg 222w, https:\/\/www.sursum-corda.be\/wp-content\/uploads\/2020\/12\/doudou-1-758x1024.jpg 758w, https:\/\/www.sursum-corda.be\/wp-content\/uploads\/2020\/12\/doudou-1-768x1038.jpg 768w, https:\/\/www.sursum-corda.be\/wp-content\/uploads\/2020\/12\/doudou-1-1137x1536.jpg 1137w, https:\/\/www.sursum-corda.be\/wp-content\/uploads\/2020\/12\/doudou-1-1516x2048.jpg 1516w, https:\/\/www.sursum-corda.be\/wp-content\/uploads\/2020\/12\/doudou-1.jpg 1586w\" sizes=\"auto, (max-width: 222px) 100vw, 222px\" \/><\/figure><\/div>\n\n\n\n<p class=\"has-normal-font-size\">Nous avons d&rsquo;abord d\u00e9but\u00e9 \u201d tout petits \u201d . Nous ne disposions que  de 6 floors-toms (5 de 16\u00a0pouces \u2013 1 de 22 pouces et 1 cymbale). Nous ne  nous sommes produits que dans le cadre de manifestations \u00e0 caract\u00e8re  m\u00e9di\u00e9val. Durant cette ann\u00e9e 1998, nous sommes sortis \u00e0 plus de 25  reprises, sur la saison d&rsquo;\u00e9t\u00e9 qui oscillait entre juin et septembre. <\/p>\n\n\n\n<p> <\/p>\n\n\n\n<p><\/p>\n\n\n\n<p><\/p>\n\n\n\n<p>Encourag\u00e9s par le public qui commen\u00e7ait \u00e0 nous suivre, nous avons  d\u00e9cid\u00e9 d&rsquo;augmenter notre mat\u00e9riel de percussion et de nous lancer \u00e0  fond. Nous avons peaufin\u00e9 encore et encore notre jeu par des r\u00e9p\u00e9titions  doubl\u00e9es. <\/p>\n\n\n\n<div class=\"wp-block-image\"><figure class=\"alignright size-large\"><img loading=\"lazy\" decoding=\"async\" width=\"300\" height=\"330\" src=\"https:\/\/www.sursum-corda.be\/wp-content\/uploads\/2020\/12\/Fred.jpg\" alt=\"\" class=\"wp-image-211\" srcset=\"https:\/\/www.sursum-corda.be\/wp-content\/uploads\/2020\/12\/Fred.jpg 300w, https:\/\/www.sursum-corda.be\/wp-content\/uploads\/2020\/12\/Fred-273x300.jpg 273w\" sizes=\"auto, (max-width: 300px) 100vw, 300px\" \/><\/figure><\/div>\n\n\n\n<p> De ce fait, nous comptons actuellement un total de vingt floors-toms\n et grosses caisses dont le diam\u00e8tre varie entre 12 pouces et 26 pouces.\n Les \u201d caisses \u201d sont associ\u00e9es aux cymbales, cloches, tambourins, \ncongas, gong, etc\u2026 soit, pas loin d\u2019une quarantaine d\u2019instruments \ndiff\u00e9rents; le tout toujours jou\u00e9 par des percussionnistes <strong> sachant faire les choses tr\u00e8s s\u00e9rieusement sans se prendre au s\u00e9rieux !! <\/strong><\/p>\n\n\n\n<p><strong> De plus<\/strong> , <strong>tous les morceaux que nous interpr\u00e9tons sont de notre propre composition<\/strong>. <strong>Nous sommes \u00e9galement reconnus par la SABAM puisque nous avons d\u00e9j\u00e0 \u00e9dit\u00e9 un CD. <\/strong><\/p>\n\n\n\n<div class=\"wp-block-image\"><figure class=\"alignright size-large\"><img loading=\"lazy\" decoding=\"async\" width=\"300\" height=\"330\" src=\"https:\/\/sursum.corda.netlib.re\/wp-content\/uploads\/2020\/01\/josiane.jpg\" alt=\"\" class=\"wp-image-114\" srcset=\"https:\/\/www.sursum-corda.be\/wp-content\/uploads\/2020\/01\/josiane.jpg 300w, https:\/\/www.sursum-corda.be\/wp-content\/uploads\/2020\/01\/josiane-273x300.jpg 273w\" sizes=\"auto, (max-width: 300px) 100vw, 300px\" \/><\/figure><\/div>\n\n\n\n<div class=\"wp-block-image\"><figure class=\"alignright size-large is-resized\"><img loading=\"lazy\" decoding=\"async\" src=\"https:\/\/www.sursum-corda.be\/wp-content\/uploads\/2020\/12\/Corentin-744x1024.jpg\" alt=\"\" class=\"wp-image-196\" width=\"219\" height=\"301\" srcset=\"https:\/\/www.sursum-corda.be\/wp-content\/uploads\/2020\/12\/Corentin-744x1024.jpg 744w, https:\/\/www.sursum-corda.be\/wp-content\/uploads\/2020\/12\/Corentin-218x300.jpg 218w, https:\/\/www.sursum-corda.be\/wp-content\/uploads\/2020\/12\/Corentin-768x1058.jpg 768w, https:\/\/www.sursum-corda.be\/wp-content\/uploads\/2020\/12\/Corentin-1115x1536.jpg 1115w, https:\/\/www.sursum-corda.be\/wp-content\/uploads\/2020\/12\/Corentin-1487x2048.jpg 1487w, https:\/\/www.sursum-corda.be\/wp-content\/uploads\/2020\/12\/Corentin.jpg 1580w\" sizes=\"auto, (max-width: 219px) 100vw, 219px\" \/><\/figure><\/div>\n\n\n\n<p> Avec tout ce travail, nous avons r\u00e9ussi \u00e0 acqu\u00e9rir notre r\u00e9putation actuelle d&rsquo;individus certes, <strong>un peu fous et pr\u00eats \u00e0 relever bon nombre de d\u00e9fis, <\/strong>mais mus par une g\u00e9n\u00e9rosit\u00e9 qui nous propulse vers l&rsquo;avant. <\/p>\n\n\n\n<p><strong> Jamais nous n&rsquo;h\u00e9sitons \u00e0 donner tout ce que nous avons dans nos tripes. <\/strong>\n C&rsquo;est pour cela que le public qui n&rsquo;est jamais dupe, nous rend au \ncentuple tout ce que nous pouvons lui offrir. Notre but principal est de\n lui apporter un peu de r\u00eave et de magie, car, c&rsquo;est de cela dont tout \nle monde a besoin. Cela nous a permis d&rsquo;avoir de plus en plus de \ndemandes et de nous diversifier. Actuellement, cela nous m\u00e8ne \u00e0 une <strong>multitude de repr\u00e9sentations de tous styles, publiques ou priv\u00e9es et ce, un peu partout en Belgique. <\/strong><\/p>\n\n\n\n<p> Au mois de mai 2002, nous avons eu l&rsquo;insigne honneur de jouer devant <strong><em>Leurs Altesses Royales la Princesse Astrid de Belgique et le Prince Lorenz. <\/em><\/strong><\/p>\n\n\n\n<div class=\"wp-block-image\"><figure class=\"alignleft size-large is-resized\"><img loading=\"lazy\" decoding=\"async\" src=\"https:\/\/www.sursum-corda.be\/wp-content\/uploads\/2020\/12\/Denis-1-744x1024.jpg\" alt=\"\" class=\"wp-image-204\" width=\"219\" height=\"301\" srcset=\"https:\/\/www.sursum-corda.be\/wp-content\/uploads\/2020\/12\/Denis-1-744x1024.jpg 744w, https:\/\/www.sursum-corda.be\/wp-content\/uploads\/2020\/12\/Denis-1-218x300.jpg 218w, https:\/\/www.sursum-corda.be\/wp-content\/uploads\/2020\/12\/Denis-1-768x1058.jpg 768w, https:\/\/www.sursum-corda.be\/wp-content\/uploads\/2020\/12\/Denis-1-1115x1536.jpg 1115w, https:\/\/www.sursum-corda.be\/wp-content\/uploads\/2020\/12\/Denis-1-1487x2048.jpg 1487w, https:\/\/www.sursum-corda.be\/wp-content\/uploads\/2020\/12\/Denis-1.jpg 1580w\" sizes=\"auto, (max-width: 219px) 100vw, 219px\" \/><\/figure><\/div>\n\n\n\n<p> Notre d\u00e9marche aupr\u00e8s de vous est de nous faire \nconna\u00eetre dans votre ville et d&rsquo;\u00eatre \u00e0 votre disposition si vous nous \nappelez pour animer un quelconque \u00e9v\u00e9nement. Nous pouvons nous adapter \u00e0\n beaucoup de situations. <\/p>\n\n\n\n<p>Nous sommes souvent engag\u00e9s soit, pour \u00ab\u00a0mettre le feu\u00a0\u00bb et attirer le \npublic ou encore en premi\u00e8re partie de concert ou de spectacle car nos \nrythmes sont&#8230; disons&#8230; percutants voire d\u00e9capants !  <\/p>\n\n\n\n<p>Nous pouvons animer des manifestations \u00e0 caract\u00e8re m\u00e9di\u00e9val, avec ou \nsans le concours de combattants en armure et costumes d&rsquo;\u00e9poque, mais \naussi toute manifestation sportive (par exemple : festival d&rsquo;Arts \nMartiaux), th\u00e9\u00e2trale, fancy-fair, braderie, manifestation de quartier, \nf\u00eate de village, mariage, feu d&rsquo;artifice, etc\u2026 <\/p>\n\n\n\n<p>Nous faisons en sorte de mettre tellement d&rsquo;ambiance que le public ne pourra pas s&#8217;emp\u00eacher de venir voir ce qui se passe ! <\/p>\n\n\n\n<p> En plus de ce qui pr\u00e9c\u00e8de, nous pouvons nous \u201d allier \u201d avec d&rsquo;autres artistes tels <strong>qu&rsquo;artificier<\/strong> (en live ou renfort de bande sonore lors du feu d&rsquo;artifice), <strong>combattants <\/strong><strong>m\u00e9di\u00e9vaux<\/strong> en d\u00e9monstration, <strong>cracheur<\/strong><strong>s de feu, fauconniers, magiciens, lanceurs<\/strong><strong> de drapeaux<\/strong>, bref, nous arrivons \u00e0 combiner plusieurs possibilit\u00e9s. <\/p>\n\n\n\n<p><\/p>\n","protected":false},"excerpt":{"rendered":"<p>Voil\u00e0, avec ce site, vous en savez un peu plus sur nous. Mais il vous reste encore bien plus \u00e0 d\u00e9couvrir\u2026 Nous vous demandons tout simplement de venir nous voir ou de nous contacter. Nous vous pr\u00e9senterons tous nos press-books o\u00f9 vous pourrez voir la magie de ce que nous avan\u00e7ons. Nous osons croire que &hellip; <\/p>\n<p class=\"link-more\"><a href=\"https:\/\/www.sursum-corda.be\/?page_id=8\" class=\"more-link\">Continuer la lecture<span class=\"screen-reader-text\"> de &laquo;&nbsp;Le Groupe&nbsp;&raquo;<\/span><\/a><\/p>\n","protected":false},"author":1,"featured_media":0,"parent":0,"menu_order":0,"comment_status":"closed","ping_status":"closed","template":"","meta":{"ngg_post_thumbnail":0,"_mc_calendar":[],"footnotes":""},"class_list":["post-8","page","type-page","status-publish","hentry"],"_links":{"self":[{"href":"https:\/\/www.sursum-corda.be\/index.php?rest_route=\/wp\/v2\/pages\/8","targetHints":{"allow":["GET"]}}],"collection":[{"href":"https:\/\/www.sursum-corda.be\/index.php?rest_route=\/wp\/v2\/pages"}],"about":[{"href":"https:\/\/www.sursum-corda.be\/index.php?rest_route=\/wp\/v2\/types\/page"}],"author":[{"embeddable":true,"href":"https:\/\/www.sursum-corda.be\/index.php?rest_route=\/wp\/v2\/users\/1"}],"replies":[{"embeddable":true,"href":"https:\/\/www.sursum-corda.be\/index.php?rest_route=%2Fwp%2Fv2%2Fcomments&post=8"}],"version-history":[{"count":19,"href":"https:\/\/www.sursum-corda.be\/index.php?rest_route=\/wp\/v2\/pages\/8\/revisions"}],"predecessor-version":[{"id":214,"href":"https:\/\/www.sursum-corda.be\/index.php?rest_route=\/wp\/v2\/pages\/8\/revisions\/214"}],"wp:attachment":[{"href":"https:\/\/www.sursum-corda.be\/index.php?rest_route=%2Fwp%2Fv2%2Fmedia&parent=8"}],"curies":[{"name":"wp","href":"https:\/\/api.w.org\/{rel}","templated":true}]}}