{"id":2,"date":"2020-01-18T22:01:22","date_gmt":"2020-01-18T22:01:22","guid":{"rendered":"https:\/\/sursum.corda.netlib.re\/?page_id=2"},"modified":"2020-01-20T18:18:21","modified_gmt":"2020-01-20T18:18:21","slug":"sample-page","status":"publish","type":"page","link":"https:\/\/www.sursum-corda.be\/","title":{"rendered":"Bienvenue !"},"content":{"rendered":"\n<div class=\"wp-block-image\"><figure class=\"aligncenter size-large is-resized\"><img loading=\"lazy\" decoding=\"async\" src=\"https:\/\/sursum.corda.netlib.re\/wp-content\/uploads\/2020\/01\/groupe.jpg\" alt=\"\" class=\"wp-image-33\" width=\"592\" height=\"388\" srcset=\"https:\/\/www.sursum-corda.be\/wp-content\/uploads\/2020\/01\/groupe.jpg 398w, https:\/\/www.sursum-corda.be\/wp-content\/uploads\/2020\/01\/groupe-300x197.jpg 300w\" sizes=\"auto, (max-width: 592px) 100vw, 592px\" \/><\/figure><\/div>\n\n\n\n<p>Tout d\u2019abord, c\u2019est quoi ce nom :  \u201d Sursum Corda \u201d ?<br>\nEn latin, Sursum Corda veut dire Haut les C\u0153urs.  Et nous pouvons vous garantir que, du c\u0153ur, nous en avons \u00e0 revendre. <\/p>\n\n\n\n<p> Nous sommes un groupe de percussionnistes vis\u00e9tois\n jouant debout, sur des floors-toms, munis de baguettes et de \nmailloches. Nous animons \u00e0 peu pr\u00e8s toutes les manifestations que vous \npourriez organiser.  Nous nous produisons uniquement en statique <\/p>\n\n\n\n<p>Forts de cette \u00e9nergie qui nous caract\u00e9rise tous, le groupe a pris naissance en 1998. <\/p>\n\n\n\n<div class=\"wp-block-image\"><figure class=\"aligncenter size-large\"><img loading=\"lazy\" decoding=\"async\" width=\"750\" height=\"150\" src=\"https:\/\/sursum.corda.netlib.re\/wp-content\/uploads\/2020\/01\/sursum_logo.jpg\" alt=\"logo sursum corda\" class=\"wp-image-30\" srcset=\"https:\/\/www.sursum-corda.be\/wp-content\/uploads\/2020\/01\/sursum_logo.jpg 750w, https:\/\/www.sursum-corda.be\/wp-content\/uploads\/2020\/01\/sursum_logo-300x60.jpg 300w\" sizes=\"auto, (max-width: 706px) 89vw, (max-width: 767px) 82vw, 740px\" \/><\/figure><\/div>\n\n\n\n<p class=\"has-text-align-center has-medium-font-size\"><strong>Livre d&rsquo;or :<\/strong><br><br><div class=\"gwolle-gb\"><div class=\"gwolle-gb-messages-top-container\"><\/div>\n\t\t\t<div class=\"gwolle-gb-write-button\">\n\t\t\t\t<input type=\"button\" name=\"gwolle-gb-write-button\" class=\"button btn btn-default \" value=\"Write a new entry.\" aria-expanded=\"false\" \/>\n\t\t\t<\/div>\n\t\t\t<form action=\"#\" method=\"POST\" class=\"gwolle-gb-write gwolle-gb-hide gwolle-gb-float gwolle-gb-form-ajax gwolle-gb-ajax gwolle-gb-not-logged-in\">\n\t\t\t\t<h3>Write a new entry for the Guestbook<\/h3>\n\t\t\t\t<button type=\"button\" class=\"gb-notice-dismiss\">x<span class=\"screen-reader-text\">Hide this form.<\/span><\/button>\n\t\t\t\n\t\t\t\t<input type=\"hidden\" name=\"gwolle_gb_function\" class=\"gwolle_gb_function\" value=\"add_entry\" \/><input type=\"hidden\" name=\"gwolle_gb_book_id\" class=\"gwolle_gb_book_id\" value=\"1\" \/><div class=\"gwolle_gb_89f1196b11059aca007f4b7ea52a7b45\">\n\t\t\t\t<div class=\"label\"><label for=\"gwolle_gb_89f1196b11059aca007f4b7ea52a7b45-1\" class=\"text-info\">Name <span class=\"required\">*<\/span><\/label><\/div>\n\t\t\t\t<div class=\"input\"><input class=\"wp-exclude-emoji gwolle_gb_89f1196b11059aca007f4b7ea52a7b45\" value=\"\" type=\"text\" id=\"gwolle_gb_89f1196b11059aca007f4b7ea52a7b45-1\" name=\"gwolle_gb_89f1196b11059aca007f4b7ea52a7b45\" required \/><\/div>\n\t\t\t\t<div class=\"clearBoth\">&nbsp;<\/div>\n\t\t\t<\/div><div class=\"gwolle_gb_75b9b634c57febf96a4bf9ec26e290eb\">\n\t\t\t\t\t<div class=\"label\"><label for=\"gwolle_gb_75b9b634c57febf96a4bf9ec26e290eb-1\" class=\"text-info\">City<\/label><\/div>\n\t\t\t\t\t<div class=\"input\"><input class=\"wp-exclude-emoji gwolle_gb_75b9b634c57febf96a4bf9ec26e290eb\" value=\"\" type=\"text\" id=\"gwolle_gb_75b9b634c57febf96a4bf9ec26e290eb-1\" name=\"gwolle_gb_75b9b634c57febf96a4bf9ec26e290eb\" \/><\/div>\n\t\t\t\t\t<div class=\"clearBoth\">&nbsp;<\/div>\n\t\t\t\t<\/div><div class=\"gwolle_gb_46626ddfee38c044241475d8e45f723c\">\n\t\t\t\t<div class=\"label\"><label for=\"gwolle_gb_46626ddfee38c044241475d8e45f723c-1\" class=\"text-info\">Email <span class=\"required\">*<\/span><\/label><\/div>\n\t\t\t\t<div class=\"input\"><input class=\"gwolle_gb_46626ddfee38c044241475d8e45f723c\" value=\"\" type=\"email\" id=\"gwolle_gb_46626ddfee38c044241475d8e45f723c-1\" name=\"gwolle_gb_46626ddfee38c044241475d8e45f723c\" required \/><\/div>\n\t\t\t\t<div class=\"clearBoth\">&nbsp;<\/div>\n\t\t\t<\/div><div class=\"gwolle_gb_4d924dac58fe0ad2c8d2eaaac1bf9f05\">\n\t\t\t\t<div class=\"label\"><label for=\"gwolle_gb_4d924dac58fe0ad2c8d2eaaac1bf9f05-1\" class=\"text-info\">Website<\/label><\/div>\n\t\t\t\t<div class=\"input\"><input class=\"gwolle_gb_4d924dac58fe0ad2c8d2eaaac1bf9f05\" value=\"\" type=\"url\" id=\"gwolle_gb_4d924dac58fe0ad2c8d2eaaac1bf9f05-1\" name=\"gwolle_gb_4d924dac58fe0ad2c8d2eaaac1bf9f05\" \/><\/div>\n\t\t\t\t<div class=\"clearBoth\">&nbsp;<\/div>\n\t\t\t<\/div>\n\t\t\t<div class=\"gwolle_gb_5b0ceada583b031f01bfed1671c2c425\" style=\"display:none;overflow:hidden;\" hidden=\"true\" aria-hidden=\"true\">\n\t\t\t\t<div class=\"label\">\n\t\t\t\t\t<label for=\"gwolle_gb_5b0ceada583b031f01bfed1671c2c425-1\" class=\"text-primary\">Do not touch this<\/label>\n\t\t\t\t\t<label for=\"gwolle_gb_c73b650b02dc574d0f75ebbfdb95a621-1\" class=\"text-primary\">Do not touch this<\/label>\n\t\t\t\t<\/div>\n\t\t\t\t<div class=\"input\">\n\t\t\t\t\t<input value=\"73\" type=\"text\" id=\"gwolle_gb_5b0ceada583b031f01bfed1671c2c425-1\" name=\"gwolle_gb_5b0ceada583b031f01bfed1671c2c425\" class=\"gwolle_gb_5b0ceada583b031f01bfed1671c2c425\" style=\"transform: translateY(10000px);\" \/>\n\t\t\t\t\t<input value=\"\" type=\"text\" name=\"gwolle_gb_c73b650b02dc574d0f75ebbfdb95a621\" id=\"gwolle_gb_c73b650b02dc574d0f75ebbfdb95a621-1\" class=\"gwolle_gb_c73b650b02dc574d0f75ebbfdb95a621\" style=\"transform: translateY(10000px);\" \/>\n\t\t\t\t<\/div>\n\t\t\t\t<div class=\"clearBoth\"><\/div>\n\t\t\t<\/div>\n\t\t\t<div class=\"gwolle_gb_f538b16b9e24c1d4908fd352d70cf24f\" style=\"display:none;overflow:hidden;\" hidden=\"true\" aria-hidden=\"true\">\n\t\t\t\t<div class=\"label\">\n\t\t\t\t\t<label for=\"gwolle_gb_f538b16b9e24c1d4908fd352d70cf24f-1\" class=\"text-primary\">Do not touch this<\/label>\n\t\t\t\t\t<label for=\"gwolle_gb_4877b6f69eb442edd043794db38b38e7-1\" class=\"text-primary\">Do not touch this<\/label>\n\t\t\t\t<\/div>\n\t\t\t\t<div class=\"input\">\n\t\t\t\t\t<input value=\"47702\" type=\"text\" id=\"gwolle_gb_f538b16b9e24c1d4908fd352d70cf24f-1\" name=\"gwolle_gb_f538b16b9e24c1d4908fd352d70cf24f\" class=\"gwolle_gb_f538b16b9e24c1d4908fd352d70cf24f\" style=\"transform: translateY(10000px);\" \/>\n\t\t\t\t\t<input value=\"47702\" type=\"text\"id=\"gwolle_gb_4877b6f69eb442edd043794db38b38e7-1\" name=\"gwolle_gb_4877b6f69eb442edd043794db38b38e7\" class=\"gwolle_gb_4877b6f69eb442edd043794db38b38e7\" style=\"transform: translateY(10000px);\" \/>\n\t\t\t\t<\/div>\n\t\t\t\t<div class=\"clearBoth\"><\/div>\n\t\t\t<\/div><div class=\"gwolle_gb_content\">\n\t\t\t\t<div class=\"label\"><label for=\"gwolle_gb_content-1\" class=\"text-info\">Guestbook entry <span class=\"required\">*<\/span><\/label><\/div>\n\t\t\t\t<div class=\"input\"><textarea id=\"gwolle_gb_content-1\" name=\"gwolle_gb_content\" class=\"gwolle_gb_content wp-exclude-emoji\" required ><\/textarea><\/div>\n\t\t\t\t\t<div class=\"clearBoth\">&nbsp;<\/div>\n\t\t\t\t<\/div><input type=\"hidden\" class=\"gwolle_gb_ac845c55fb9d6b8ebbfb08f10cbf671e\" id=\"gwolle_gb_ac845c55fb9d6b8ebbfb08f10cbf671e-1\" name=\"gwolle_gb_ac845c55fb9d6b8ebbfb08f10cbf671e\" value=\"4aa4f27012\" \/>\n\t\t\t<div class=\"gwolle-gb-messages-bottom-container\"><\/div>\n\n\t\t\t<noscript><div class=\"no-js\">Warning: This form can only be used if JavaScript is enabled in your browser.<\/div><\/noscript>\n\n\t\t\t<div class=\"gwolle_gb_submit gwolle-gb-submit\">\n\t\t\t\t<div class=\"label gwolle-gb-invisible text-muted\">&nbsp;<\/div>\n\t\t\t\t<div class=\"input\">\n\t\t\t\t\t<input type=\"submit\" name=\"gwolle_gb_submit\" class=\"gwolle_gb_submit button btn btn-primary \" value=\"Submit\" \/>\n\t\t\t\t\t<span class=\"gwolle_gb_submit_ajax_icon gwolle-gb-submit-ajax-icon\"><\/span>\n\t\t\t\n\t\t\t\t<\/div>\n\t\t\t\t<div class=\"clearBoth\">&nbsp;<\/div>\n\t\t\t<\/div>\n\n\t\t\t<div class=\"gwolle_gb_notice gwolle-gb-notice\">\n\t\t\t\t<br \/>\nFields marked with * are required.<br \/>\nYour E-mail address won&#039;t be published.<br \/>\nIt&#039;s possible that your entry will only be visible in the guestbook after we reviewed it.<br \/>\nWe reserve the right to edit, delete, or not publish entries.<br \/>\n\n\t\t\t<\/div><\/form><div class=\"gwolle-gb-read gwolle-gb-ajax gwolle-gb-entries-list\" data-book_id=\"1\">(no entries yet)<\/div><\/div><\/p>\n","protected":false},"excerpt":{"rendered":"<p>Tout d\u2019abord, c\u2019est quoi ce nom : \u201d Sursum Corda \u201d ? En latin, Sursum Corda veut dire Haut les C\u0153urs. Et nous pouvons vous garantir que, du c\u0153ur, nous en avons \u00e0 revendre. Nous sommes un groupe de percussionnistes vis\u00e9tois jouant debout, sur des floors-toms, munis de baguettes et de mailloches. Nous animons \u00e0 &hellip; <\/p>\n<p class=\"link-more\"><a href=\"https:\/\/www.sursum-corda.be\/\" class=\"more-link\">Continuer la lecture<span class=\"screen-reader-text\"> de &laquo;&nbsp;Bienvenue !&nbsp;&raquo;<\/span><\/a><\/p>\n","protected":false},"author":1,"featured_media":0,"parent":0,"menu_order":0,"comment_status":"closed","ping_status":"open","template":"","meta":{"ngg_post_thumbnail":0,"_mc_calendar":[],"footnotes":""},"class_list":["post-2","page","type-page","status-publish","hentry"],"_links":{"self":[{"href":"https:\/\/www.sursum-corda.be\/index.php?rest_route=\/wp\/v2\/pages\/2","targetHints":{"allow":["GET"]}}],"collection":[{"href":"https:\/\/www.sursum-corda.be\/index.php?rest_route=\/wp\/v2\/pages"}],"about":[{"href":"https:\/\/www.sursum-corda.be\/index.php?rest_route=\/wp\/v2\/types\/page"}],"author":[{"embeddable":true,"href":"https:\/\/www.sursum-corda.be\/index.php?rest_route=\/wp\/v2\/users\/1"}],"replies":[{"embeddable":true,"href":"https:\/\/www.sursum-corda.be\/index.php?rest_route=%2Fwp%2Fv2%2Fcomments&post=2"}],"version-history":[{"count":15,"href":"https:\/\/www.sursum-corda.be\/index.php?rest_route=\/wp\/v2\/pages\/2\/revisions"}],"predecessor-version":[{"id":128,"href":"https:\/\/www.sursum-corda.be\/index.php?rest_route=\/wp\/v2\/pages\/2\/revisions\/128"}],"wp:attachment":[{"href":"https:\/\/www.sursum-corda.be\/index.php?rest_route=%2Fwp%2Fv2%2Fmedia&parent=2"}],"curies":[{"name":"wp","href":"https:\/\/api.w.org\/{rel}","templated":true}]}}